{"id":457,"date":"2023-05-10T07:16:36","date_gmt":"2023-05-10T07:16:36","guid":{"rendered":"https:\/\/www.catodica.de\/?page_id=457"},"modified":"2026-02-05T11:41:11","modified_gmt":"2026-02-05T11:41:11","slug":"projektportfolio","status":"publish","type":"page","link":"https:\/\/www.catodica.de\/de\/projektportfolio\/","title":{"rendered":"PROJEKTPORTFOLIO"},"content":{"rendered":"\t\t<div data-elementor-type=\"wp-page\" data-elementor-id=\"457\" class=\"elementor elementor-457\">\n\t\t\t\t\t\t<section class=\"elementor-section elementor-top-section elementor-element elementor-element-380ac82 wdt-no-full-section elementor-section-content-middle elementor-reverse-tablet elementor-reverse-mobile_extra elementor-reverse-mobile elementor-section-boxed elementor-section-height-default elementor-section-height-default\" data-id=\"380ac82\" data-element_type=\"section\" data-settings=\"{&quot;background_background&quot;:&quot;classic&quot;,&quot;wdt_bg_image&quot;:{&quot;url&quot;:&quot;&quot;,&quot;id&quot;:&quot;&quot;,&quot;size&quot;:&quot;&quot;},&quot;wdt_bg_image_laptop&quot;:{&quot;url&quot;:&quot;&quot;,&quot;id&quot;:&quot;&quot;,&quot;size&quot;:&quot;&quot;},&quot;wdt_bg_image_tablet_extra&quot;:{&quot;url&quot;:&quot;&quot;,&quot;id&quot;:&quot;&quot;,&quot;size&quot;:&quot;&quot;},&quot;wdt_bg_image_tablet&quot;:{&quot;url&quot;:&quot;&quot;,&quot;id&quot;:&quot;&quot;,&quot;size&quot;:&quot;&quot;},&quot;wdt_bg_image_mobile_extra&quot;:{&quot;url&quot;:&quot;&quot;,&quot;id&quot;:&quot;&quot;,&quot;size&quot;:&quot;&quot;},&quot;wdt_bg_image_mobile&quot;:{&quot;url&quot;:&quot;&quot;,&quot;id&quot;:&quot;&quot;,&quot;size&quot;:&quot;&quot;},&quot;wdt_bg_position&quot;:&quot;center center&quot;,&quot;wdt_animation_effect&quot;:&quot;none&quot;}\">\n\t\t\t\t\t\t\t<div class=\"elementor-background-overlay\"><\/div>\n\t\t\t\t\t\t\t<div class=\"elementor-container elementor-column-gap-no\">\n\t\t\t\t\t<div class=\"elementor-column elementor-col-100 elementor-top-column elementor-element elementor-element-d4fbec5\" data-id=\"d4fbec5\" data-element_type=\"column\">\n\t\t\t<div class=\"elementor-widget-wrap elementor-element-populated\">\n\t\t\t\t\t\t<div class=\"elementor-element elementor-element-7eecdd2 elementor-widget__width-inherit elementor-widget elementor-widget-text-editor\" data-id=\"7eecdd2\" data-element_type=\"widget\" data-settings=\"{&quot;wdt_animation_effect&quot;:&quot;none&quot;}\" data-widget_type=\"text-editor.default\">\n\t\t\t\t<div class=\"elementor-widget-container\">\n\t\t\t\t\t\t\t\t\t<p>Die Cat\u00f3dica GmbH, zielorientiert und qualit\u00e4tsbewusst, setzt mit Ihren Projekten Markenzeichen.<\/p>\t\t\t\t\t\t\t\t<\/div>\n\t\t\t\t<\/div>\n\t\t<div class=\"elementor-element elementor-element-c110449 e-grid e-con-boxed e-con e-parent\" data-id=\"c110449\" data-element_type=\"container\">\n\t\t\t\t\t<div class=\"e-con-inner\">\n\t\t\t\t<div class=\"elementor-element elementor-element-0a1a409 elementor-widget elementor-widget-counter\" data-id=\"0a1a409\" data-element_type=\"widget\" data-settings=\"{&quot;wdt_animation_effect&quot;:&quot;none&quot;}\" data-widget_type=\"counter.default\">\n\t\t\t\t<div class=\"elementor-widget-container\">\n\t\t\t\t\t\t\t<div class=\"elementor-counter\">\n\t\t\t<div class=\"elementor-counter-title\">TUNNEL<\/div>\t\t\t<div class=\"elementor-counter-number-wrapper\">\n\t\t\t\t<span class=\"elementor-counter-number-prefix\"><\/span>\n\t\t\t\t<span class=\"elementor-counter-number\" data-duration=\"2000\" data-to-value=\"1\" data-from-value=\"0\" data-delimiter=\",\">0<\/span>\n\t\t\t\t<span class=\"elementor-counter-number-suffix\"><\/span>\n\t\t\t<\/div>\n\t\t<\/div>\n\t\t\t\t\t\t<\/div>\n\t\t\t\t<\/div>\n\t\t\t\t<div class=\"elementor-element elementor-element-74ade2f elementor-widget elementor-widget-counter\" data-id=\"74ade2f\" data-element_type=\"widget\" data-settings=\"{&quot;wdt_animation_effect&quot;:&quot;none&quot;}\" data-widget_type=\"counter.default\">\n\t\t\t\t<div class=\"elementor-widget-container\">\n\t\t\t\t\t\t\t<div class=\"elementor-counter\">\n\t\t\t<div class=\"elementor-counter-title\">TIEFGARAGEN\/PARKH\u00c4USER<\/div>\t\t\t<div class=\"elementor-counter-number-wrapper\">\n\t\t\t\t<span class=\"elementor-counter-number-prefix\"><\/span>\n\t\t\t\t<span class=\"elementor-counter-number\" data-duration=\"2000\" data-to-value=\"47\" data-from-value=\"1\" data-delimiter=\",\">1<\/span>\n\t\t\t\t<span class=\"elementor-counter-number-suffix\"><\/span>\n\t\t\t<\/div>\n\t\t<\/div>\n\t\t\t\t\t\t<\/div>\n\t\t\t\t<\/div>\n\t\t\t\t<div class=\"elementor-element elementor-element-2ec1db0 elementor-widget elementor-widget-counter\" data-id=\"2ec1db0\" data-element_type=\"widget\" data-settings=\"{&quot;wdt_animation_effect&quot;:&quot;none&quot;}\" data-widget_type=\"counter.default\">\n\t\t\t\t<div class=\"elementor-widget-container\">\n\t\t\t\t\t\t\t<div class=\"elementor-counter\">\n\t\t\t<div class=\"elementor-counter-title\">SPEZIALBAUTEN<\/div>\t\t\t<div class=\"elementor-counter-number-wrapper\">\n\t\t\t\t<span class=\"elementor-counter-number-prefix\"><\/span>\n\t\t\t\t<span class=\"elementor-counter-number\" data-duration=\"2000\" data-to-value=\"6\" data-from-value=\"0\" data-delimiter=\",\">0<\/span>\n\t\t\t\t<span class=\"elementor-counter-number-suffix\"><\/span>\n\t\t\t<\/div>\n\t\t<\/div>\n\t\t\t\t\t\t<\/div>\n\t\t\t\t<\/div>\n\t\t\t\t\t<\/div>\n\t\t\t\t<\/div>\n\t\t\t\t\t<\/div>\n\t\t<\/div>\n\t\t\t\t\t<\/div>\n\t\t<\/section>\n\t\t\t\t<section class=\"elementor-section elementor-top-section elementor-element elementor-element-2b5b0e3 elementor-section-boxed elementor-section-height-default elementor-section-height-default\" data-id=\"2b5b0e3\" data-element_type=\"section\" data-settings=\"{&quot;wdt_bg_image&quot;:{&quot;url&quot;:&quot;&quot;,&quot;id&quot;:&quot;&quot;,&quot;size&quot;:&quot;&quot;},&quot;wdt_bg_image_laptop&quot;:{&quot;url&quot;:&quot;&quot;,&quot;id&quot;:&quot;&quot;,&quot;size&quot;:&quot;&quot;},&quot;wdt_bg_image_tablet_extra&quot;:{&quot;url&quot;:&quot;&quot;,&quot;id&quot;:&quot;&quot;,&quot;size&quot;:&quot;&quot;},&quot;wdt_bg_image_tablet&quot;:{&quot;url&quot;:&quot;&quot;,&quot;id&quot;:&quot;&quot;,&quot;size&quot;:&quot;&quot;},&quot;wdt_bg_image_mobile_extra&quot;:{&quot;url&quot;:&quot;&quot;,&quot;id&quot;:&quot;&quot;,&quot;size&quot;:&quot;&quot;},&quot;wdt_bg_image_mobile&quot;:{&quot;url&quot;:&quot;&quot;,&quot;id&quot;:&quot;&quot;,&quot;size&quot;:&quot;&quot;},&quot;wdt_bg_position&quot;:&quot;center center&quot;,&quot;wdt_animation_effect&quot;:&quot;none&quot;}\">\n\t\t\t\t\t\t<div class=\"elementor-container elementor-column-gap-no\">\n\t\t\t\t\t<div class=\"elementor-column elementor-col-100 elementor-top-column elementor-element elementor-element-a3304c6\" data-id=\"a3304c6\" data-element_type=\"column\">\n\t\t\t<div class=\"elementor-widget-wrap elementor-element-populated\">\n\t\t\t\t\t\t<div class=\"elementor-element elementor-element-a9636a9 elementor-widget elementor-widget-wdt-widget-df-listings-listing\" data-id=\"a9636a9\" data-element_type=\"widget\" data-settings=\"{&quot;wdt_animation_effect&quot;:&quot;none&quot;}\" data-widget_type=\"wdt-widget-df-listings-listing.default\">\n\t\t\t\t<div class=\"elementor-widget-container\">\n\t\t\t\t\t<div class=\"wdt-listing-output-data-container wdt-direct-list-items wdt-listing-no-map projekte\"  ><div class=\"wdt-listing-output-data-holder\" data-type=\"type1\" data-gallery=\"featured_image\" data-postperpage=\"-1\" data-columns=\"4\" data-applyisotope=\"true\" data-isotopefilter=\"\" data-showisotopefiltercount=\"false\" data-applychildof=\"false\" data-featureditems=\"false\" data-featuresimageoricon=\"\" data-featuresinclude=\"\" data-noofcattodisplay=\"2\" data-excerptlength=\"20\" data-applyequalheight=\"false\" data-paginationtype=\"\" data-customoptions=\"\" data-listitemids=\"\" data-categoryids=\"\" data-tagids=\"\" data-showimagepopup=\"no\" data-masonaryoneitems=\"\" data-masonaryonehalfitems=\"\" data-masonaryonethirditems=\"\" data-masonarytwothirditems=\"\" data-masonaryonefourthitems=\"\" data-masonarythreefourthitems=\"\"><\/div><div class=\"wdt-ajax-load-image \" style=\"display:none;\">\r\n\t\t<div class=\"wdt-loader-inner\">\r\n\t\t<\/div>\r\n\t<\/div><\/div>\t\t\t\t<\/div>\n\t\t\t\t<\/div>\n\t\t\t\t\t<\/div>\n\t\t<\/div>\n\t\t\t\t\t<\/div>\n\t\t<\/section>\n\t\t\t\t<\/div>\n\t\t","protected":false},"excerpt":{"rendered":"<p>Die Cat\u00f3dica GmbH, zielorientiert und qualit\u00e4tsbewusst, setzt mit Ihren Projekten Markenzeichen. TUNNEL 0 TIEFGARAGEN\/PARKH\u00c4USER 1 SPEZIALBAUTEN 0<\/p>\n","protected":false},"author":1,"featured_media":0,"parent":0,"menu_order":0,"comment_status":"closed","ping_status":"closed","template":"elementor_header_footer","meta":{"footnotes":""},"class_list":["post-457","page","type-page","status-publish","hentry"],"yoast_head":"<!-- This site is optimized with the Yoast SEO plugin v25.5 - https:\/\/yoast.com\/wordpress\/plugins\/seo\/ -->\n<title>PROJEKTPORTFOLIO | Cat\u00f3dica Engineering<\/title>\n<meta name=\"description\" content=\"Projektportfolio - Die Cat\u00f3dica GmbH, zielorientiert und qualit\u00e4tsbewusst, setzt mit Ihren Projekten Markenzeichen. Tunnel, Tiefgaragen\/Parkh\u00c4user, Spezialbauten.\" \/>\n<meta name=\"robots\" content=\"index, follow, max-snippet:-1, max-image-preview:large, max-video-preview:-1\" \/>\n<link rel=\"canonical\" href=\"https:\/\/www.catodica.de\/de\/wp-json\/wp\/v2\/pages\/457\" \/>\n<meta property=\"og:locale\" content=\"de_DE\" \/>\n<meta property=\"og:type\" content=\"article\" \/>\n<meta property=\"og:title\" content=\"PROJEKTPORTFOLIO | Cat\u00f3dica Engineering\" \/>\n<meta property=\"og:description\" content=\"Projektportfolio - Die Cat\u00f3dica GmbH, zielorientiert und qualit\u00e4tsbewusst, setzt mit Ihren Projekten Markenzeichen. Tunnel, Tiefgaragen\/Parkh\u00c4user, Spezialbauten.\" \/>\n<meta property=\"og:url\" content=\"https:\/\/www.catodica.de\/de\/projektportfolio\/\" \/>\n<meta property=\"og:site_name\" content=\"Cat\u00f3dica Engineering\" \/>\n<meta property=\"article:publisher\" content=\"https:\/\/www.facebook.com\/catodicagmbh\" \/>\n<meta property=\"article:modified_time\" content=\"2026-02-05T11:41:11+00:00\" \/>\n<meta name=\"twitter:card\" content=\"summary_large_image\" \/>\n<meta name=\"twitter:description\" content=\"Projektportfolio - Die Cat\u00f3dica GmbH, zielorientiert und qualit\u00e4tsbewusst, setzt mit Ihren Projekten Markenzeichen. Tunnel, Tiefgaragen\/Parkh\u00c4user, Spezialbauten.\" \/>\n<meta name=\"twitter:label1\" content=\"Est. reading time\" \/>\n\t<meta name=\"twitter:data1\" content=\"14\u00a0Minuten\" \/>\n<script type=\"application\/ld+json\" class=\"yoast-schema-graph\">{\"@context\":\"https:\/\/schema.org\",\"@graph\":[{\"@type\":\"WebPage\",\"@id\":\"https:\/\/www.catodica.de\/de\/projektportfolio\/\",\"url\":\"https:\/\/www.catodica.de\/de\/projektportfolio\/\",\"name\":\"PROJEKTPORTFOLIO | Cat\u00f3dica Engineering\",\"isPartOf\":{\"@id\":\"https:\/\/www.catodica.de\/de\/#website\"},\"datePublished\":\"2023-05-10T07:16:36+00:00\",\"dateModified\":\"2026-02-05T11:41:11+00:00\",\"description\":\"Projektportfolio - Die Cat\u00f3dica GmbH, zielorientiert und qualit\u00e4tsbewusst, setzt mit Ihren Projekten Markenzeichen. Tunnel, Tiefgaragen\/Parkh\u00c4user, Spezialbauten.\",\"breadcrumb\":{\"@id\":\"https:\/\/www.catodica.de\/de\/projektportfolio\/#breadcrumb\"},\"inLanguage\":\"de\",\"potentialAction\":[{\"@type\":\"ReadAction\",\"target\":[\"https:\/\/www.catodica.de\/de\/projektportfolio\/\"]}]},{\"@type\":\"BreadcrumbList\",\"@id\":\"https:\/\/www.catodica.de\/de\/projektportfolio\/#breadcrumb\",\"itemListElement\":[{\"@type\":\"ListItem\",\"position\":1,\"name\":\"Home\",\"item\":\"https:\/\/www.catodica.de\/de\/\"},{\"@type\":\"ListItem\",\"position\":2,\"name\":\"PROJEKTPORTFOLIO\"}]},{\"@type\":\"WebSite\",\"@id\":\"https:\/\/www.catodica.de\/de\/#website\",\"url\":\"https:\/\/www.catodica.de\/de\/\",\"name\":\"Cat\u00f3dica Engineering\",\"description\":\"\",\"publisher\":{\"@id\":\"https:\/\/www.catodica.de\/de\/#organization\"},\"potentialAction\":[{\"@type\":\"SearchAction\",\"target\":{\"@type\":\"EntryPoint\",\"urlTemplate\":\"https:\/\/www.catodica.de\/de\/?s={search_term_string}\"},\"query-input\":{\"@type\":\"PropertyValueSpecification\",\"valueRequired\":true,\"valueName\":\"search_term_string\"}}],\"inLanguage\":\"de\"},{\"@type\":\"Organization\",\"@id\":\"https:\/\/www.catodica.de\/de\/#organization\",\"name\":\"Cat\u00f3dica Engineering\",\"url\":\"https:\/\/www.catodica.de\/de\/\",\"logo\":{\"@type\":\"ImageObject\",\"inLanguage\":\"de\",\"@id\":\"https:\/\/www.catodica.de\/de\/#\/schema\/logo\/image\/\",\"url\":\"https:\/\/www.catodica.de\/wp-content\/uploads\/2023\/03\/logo-catodica-white.svg\",\"contentUrl\":\"https:\/\/www.catodica.de\/wp-content\/uploads\/2023\/03\/logo-catodica-white.svg\",\"width\":346,\"height\":96,\"caption\":\"Cat\u00f3dica Engineering\"},\"image\":{\"@id\":\"https:\/\/www.catodica.de\/de\/#\/schema\/logo\/image\/\"},\"sameAs\":[\"https:\/\/www.facebook.com\/catodicagmbh\",\"https:\/\/www.instagram.com\/catodicagmbh\/\",\"https:\/\/www.linkedin.com\/company\/catodicagmbh\/\"]}]}<\/script>\n<!-- \/ Yoast SEO plugin. -->","yoast_head_json":{"title":"PROJEKTPORTFOLIO | Cat\u00f3dica Engineering","description":"Projektportfolio - Die Cat\u00f3dica GmbH, zielorientiert und qualit\u00e4tsbewusst, setzt mit Ihren Projekten Markenzeichen. Tunnel, Tiefgaragen\/Parkh\u00c4user, Spezialbauten.","robots":{"index":"index","follow":"follow","max-snippet":"max-snippet:-1","max-image-preview":"max-image-preview:large","max-video-preview":"max-video-preview:-1"},"canonical":"https:\/\/www.catodica.de\/de\/wp-json\/wp\/v2\/pages\/457","og_locale":"de_DE","og_type":"article","og_title":"PROJEKTPORTFOLIO | Cat\u00f3dica Engineering","og_description":"Projektportfolio - Die Cat\u00f3dica GmbH, zielorientiert und qualit\u00e4tsbewusst, setzt mit Ihren Projekten Markenzeichen. Tunnel, Tiefgaragen\/Parkh\u00c4user, Spezialbauten.","og_url":"https:\/\/www.catodica.de\/de\/projektportfolio\/","og_site_name":"Cat\u00f3dica Engineering","article_publisher":"https:\/\/www.facebook.com\/catodicagmbh","article_modified_time":"2026-02-05T11:41:11+00:00","twitter_card":"summary_large_image","twitter_description":"Projektportfolio - Die Cat\u00f3dica GmbH, zielorientiert und qualit\u00e4tsbewusst, setzt mit Ihren Projekten Markenzeichen. Tunnel, Tiefgaragen\/Parkh\u00c4user, Spezialbauten.","twitter_misc":{"Est. reading time":"14\u00a0Minuten"},"schema":{"@context":"https:\/\/schema.org","@graph":[{"@type":"WebPage","@id":"https:\/\/www.catodica.de\/de\/projektportfolio\/","url":"https:\/\/www.catodica.de\/de\/projektportfolio\/","name":"PROJEKTPORTFOLIO | Cat\u00f3dica Engineering","isPartOf":{"@id":"https:\/\/www.catodica.de\/de\/#website"},"datePublished":"2023-05-10T07:16:36+00:00","dateModified":"2026-02-05T11:41:11+00:00","description":"Projektportfolio - Die Cat\u00f3dica GmbH, zielorientiert und qualit\u00e4tsbewusst, setzt mit Ihren Projekten Markenzeichen. Tunnel, Tiefgaragen\/Parkh\u00c4user, Spezialbauten.","breadcrumb":{"@id":"https:\/\/www.catodica.de\/de\/projektportfolio\/#breadcrumb"},"inLanguage":"de","potentialAction":[{"@type":"ReadAction","target":["https:\/\/www.catodica.de\/de\/projektportfolio\/"]}]},{"@type":"BreadcrumbList","@id":"https:\/\/www.catodica.de\/de\/projektportfolio\/#breadcrumb","itemListElement":[{"@type":"ListItem","position":1,"name":"Home","item":"https:\/\/www.catodica.de\/de\/"},{"@type":"ListItem","position":2,"name":"PROJEKTPORTFOLIO"}]},{"@type":"WebSite","@id":"https:\/\/www.catodica.de\/de\/#website","url":"https:\/\/www.catodica.de\/de\/","name":"Cat\u00f3dica Engineering","description":"","publisher":{"@id":"https:\/\/www.catodica.de\/de\/#organization"},"potentialAction":[{"@type":"SearchAction","target":{"@type":"EntryPoint","urlTemplate":"https:\/\/www.catodica.de\/de\/?s={search_term_string}"},"query-input":{"@type":"PropertyValueSpecification","valueRequired":true,"valueName":"search_term_string"}}],"inLanguage":"de"},{"@type":"Organization","@id":"https:\/\/www.catodica.de\/de\/#organization","name":"Cat\u00f3dica Engineering","url":"https:\/\/www.catodica.de\/de\/","logo":{"@type":"ImageObject","inLanguage":"de","@id":"https:\/\/www.catodica.de\/de\/#\/schema\/logo\/image\/","url":"https:\/\/www.catodica.de\/wp-content\/uploads\/2023\/03\/logo-catodica-white.svg","contentUrl":"https:\/\/www.catodica.de\/wp-content\/uploads\/2023\/03\/logo-catodica-white.svg","width":346,"height":96,"caption":"Cat\u00f3dica Engineering"},"image":{"@id":"https:\/\/www.catodica.de\/de\/#\/schema\/logo\/image\/"},"sameAs":["https:\/\/www.facebook.com\/catodicagmbh","https:\/\/www.instagram.com\/catodicagmbh\/","https:\/\/www.linkedin.com\/company\/catodicagmbh\/"]}]}},"_links":{"self":[{"href":"https:\/\/www.catodica.de\/de\/wp-json\/wp\/v2\/pages\/457","targetHints":{"allow":["GET"]}}],"collection":[{"href":"https:\/\/www.catodica.de\/de\/wp-json\/wp\/v2\/pages"}],"about":[{"href":"https:\/\/www.catodica.de\/de\/wp-json\/wp\/v2\/types\/page"}],"author":[{"embeddable":true,"href":"https:\/\/www.catodica.de\/de\/wp-json\/wp\/v2\/users\/1"}],"replies":[{"embeddable":true,"href":"https:\/\/www.catodica.de\/de\/wp-json\/wp\/v2\/comments?post=457"}],"version-history":[{"count":56,"href":"https:\/\/www.catodica.de\/de\/wp-json\/wp\/v2\/pages\/457\/revisions"}],"predecessor-version":[{"id":9401,"href":"https:\/\/www.catodica.de\/de\/wp-json\/wp\/v2\/pages\/457\/revisions\/9401"}],"wp:attachment":[{"href":"https:\/\/www.catodica.de\/de\/wp-json\/wp\/v2\/media?parent=457"}],"curies":[{"name":"wp","href":"https:\/\/api.w.org\/{rel}","templated":true}]}}