{"id":6325,"date":"2025-04-03T15:52:07","date_gmt":"2025-04-03T15:52:07","guid":{"rendered":"https:\/\/www.catodica.de\/responsibility\/"},"modified":"2025-11-05T10:44:45","modified_gmt":"2025-11-05T10:44:45","slug":"responsibility","status":"publish","type":"page","link":"https:\/\/www.catodica.de\/en\/responsibility\/","title":{"rendered":"RESPONSABILITY"},"content":{"rendered":"\t\t<div data-elementor-type=\"wp-page\" data-elementor-id=\"6325\" class=\"elementor elementor-6325 elementor-3402\">\n\t\t\t\t<div class=\"elementor-element elementor-element-ead974d e-flex e-con-boxed e-con e-parent\" data-id=\"ead974d\" data-element_type=\"container\">\n\t\t\t\t\t<div class=\"e-con-inner\">\n\t\t\t\t<div class=\"elementor-element elementor-element-b750bc6 elementor-widget elementor-widget-wdt-heading\" data-id=\"b750bc6\" data-element_type=\"widget\" data-settings=\"{&quot;wdt_animation_effect&quot;:&quot;none&quot;}\" data-widget_type=\"wdt-heading.default\">\n\t\t\t\t<div class=\"elementor-widget-container\">\n\t\t\t\t\t<div class=\"wdt-heading-holder \" id=\"wdt-heading-b750bc6\"><h2 class=\"wdt-heading-title-wrapper wdt-heading-align- wdt-heading-deco-wrapper\"><span class=\"wdt-heading-title\">Angaben gem\u00e4\u00df \u00a7 <span class=\"wdt-heading-colored-elements\">5 <\/span><span class=\"wdt-heading-colored-elements\">TMG <\/span><\/span><\/h2><\/div>\t\t\t\t<\/div>\n\t\t\t\t<\/div>\n\t\t<div class=\"elementor-element elementor-element-c67ba63 e-con-full e-flex e-con e-child\" data-id=\"c67ba63\" data-element_type=\"container\">\n\t\t<div class=\"elementor-element elementor-element-95c0571 e-con-full e-flex e-con e-child\" data-id=\"95c0571\" data-element_type=\"container\">\n\t\t\t\t<div class=\"elementor-element elementor-element-7dd832d elementor-widget elementor-widget-text-editor\" data-id=\"7dd832d\" data-element_type=\"widget\" data-settings=\"{&quot;wdt_animation_effect&quot;:&quot;none&quot;}\" data-widget_type=\"text-editor.default\">\n\t\t\t\t<div class=\"elementor-widget-container\">\n\t\t\t\t\t\t\t\t\t<p><b>CAT\u00d3DICA GMBH<\/b><\/p><p>Hanns &#8211; Martin &#8211; Schleyer &#8211; Stra\u00dfe 37a<br \/>41199 M\u00f6nchengladbach<\/p>\t\t\t\t\t\t\t\t<\/div>\n\t\t\t\t<\/div>\n\t\t\t\t<\/div>\n\t\t<div class=\"elementor-element elementor-element-71ed30d e-con-full e-flex e-con e-child\" data-id=\"71ed30d\" data-element_type=\"container\">\n\t\t\t\t<div class=\"elementor-element elementor-element-2263bbb elementor-widget elementor-widget-text-editor\" data-id=\"2263bbb\" data-element_type=\"widget\" data-settings=\"{&quot;wdt_animation_effect&quot;:&quot;none&quot;}\" data-widget_type=\"text-editor.default\">\n\t\t\t\t<div class=\"elementor-widget-container\">\n\t\t\t\t\t\t\t\t\t<p><b>Handelsregister<\/b>: HRB 19259<br \/>Registergericht: Amtsgericht M\u00f6nchengladbach<\/p>\n<p><b>Steuernummer<\/b>: 121\/5709\/5310<br \/>USt-ldNr.: DE 815 856 813<\/p>\n\t\t\t\t\t\t\t\t<\/div>\n\t\t\t\t<\/div>\n\t\t\t\t<\/div>\n\t\t<div class=\"elementor-element elementor-element-7d2af2f e-con-full e-flex e-con e-child\" data-id=\"7d2af2f\" data-element_type=\"container\">\n\t\t\t\t<div class=\"elementor-element elementor-element-af182d1 elementor-widget elementor-widget-text-editor\" data-id=\"af182d1\" data-element_type=\"widget\" data-settings=\"{&quot;wdt_animation_effect&quot;:&quot;none&quot;}\" data-widget_type=\"text-editor.default\">\n\t\t\t\t<div class=\"elementor-widget-container\">\n\t\t\t\t\t\t\t\t\t<p><strong>Vertreten durch:<br \/>\n<\/strong>Hern\u00e2ni Esteves<br \/>Diogo Brandao<br \/>Miguel Costa<\/p>\n\t\t\t\t\t\t\t\t<\/div>\n\t\t\t\t<\/div>\n\t\t\t\t<\/div>\n\t\t<div class=\"elementor-element elementor-element-68bfacc e-con-full e-flex e-con e-child\" data-id=\"68bfacc\" data-element_type=\"container\">\n\t\t\t\t<div class=\"elementor-element elementor-element-60fdde5 elementor-widget elementor-widget-text-editor\" data-id=\"60fdde5\" data-element_type=\"widget\" data-settings=\"{&quot;wdt_animation_effect&quot;:&quot;none&quot;}\" data-widget_type=\"text-editor.default\">\n\t\t\t\t<div class=\"elementor-widget-container\">\n\t\t\t\t\t\t\t\t\t<div><b>Kontak<\/b><\/div>\n<p>Telefon: +49 2166 68 434 \u2013 0<br \/>E-Mail:\u00a0<a href=\"mailto:ola@catodica.de\">ola@catodica.de<\/a><\/p>\n\t\t\t\t\t\t\t\t<\/div>\n\t\t\t\t<\/div>\n\t\t\t\t<\/div>\n\t\t\t\t<\/div>\n\t\t\t\t\t<\/div>\n\t\t\t\t<\/div>\n\t\t<div class=\"elementor-element elementor-element-63a0abe e-flex e-con-boxed e-con e-parent\" data-id=\"63a0abe\" data-element_type=\"container\">\n\t\t\t\t\t<div class=\"e-con-inner\">\n\t\t\t\t<div class=\"elementor-element elementor-element-54d4738 elementor-widget elementor-widget-wdt-heading\" data-id=\"54d4738\" data-element_type=\"widget\" data-settings=\"{&quot;wdt_animation_effect&quot;:&quot;none&quot;}\" data-widget_type=\"wdt-heading.default\">\n\t\t\t\t<div class=\"elementor-widget-container\">\n\t\t\t\t\t<div class=\"wdt-heading-holder \" id=\"wdt-heading-54d4738\"><h2 class=\"wdt-heading-title-wrapper wdt-heading-align- wdt-heading-deco-wrapper\"><span class=\"wdt-heading-title\">Haftung f\u00fcr <span class=\"wdt-heading-colored-elements\">Inhalte <\/span><\/span><\/h2><\/div>\t\t\t\t<\/div>\n\t\t\t\t<\/div>\n\t\t<div class=\"elementor-element elementor-element-e5264da e-con-full e-flex e-con e-child\" data-id=\"e5264da\" data-element_type=\"container\">\n\t\t<div class=\"elementor-element elementor-element-3208ef0 e-con-full e-flex e-con e-child\" data-id=\"3208ef0\" data-element_type=\"container\">\n\t\t\t\t<div class=\"elementor-element elementor-element-6a275d7 elementor-widget elementor-widget-text-editor\" data-id=\"6a275d7\" data-element_type=\"widget\" data-settings=\"{&quot;wdt_animation_effect&quot;:&quot;none&quot;}\" data-widget_type=\"text-editor.default\">\n\t\t\t\t<div class=\"elementor-widget-container\">\n\t\t\t\t\t\t\t\t\t<p>Als Diensteanbieter sind wir gem\u00e4\u00df \u00a7 7 Abs.1 TMG f\u00fcr eigene Inhalte auf diesen Seiten nach den allgemeinen Gesetzen verantwortlich. Nach \u00a7\u00a7 8 bis 10 TMG sind wir als Diensteanbieter jedoch nicht verpflichtet, \u00fcbermittelte oder gespeicherte fremde Informationen zu \u00fcberwachen oder nach Umst\u00e4nden zu forschen, die auf eine rechtswidrige T\u00e4tigkeit hinweisen.<\/p>\n<p>Verpflichtungen zur Entfernung oder Sperrung der Nutzung von Informationen nach den allgemeinen Gesetzen bleiben hiervon unber\u00fchrt. Eine diesbez\u00fcgliche Haftung ist jedoch erst ab dem Zeitpunkt der Kenntnis einer konkreten Rechtsverletzung m\u00f6glich. Bei Bekanntwerden von entsprechenden Rechtsverletzungen werden wir diese Inhalte umgehend entfernen.<\/p>\n\t\t\t\t\t\t\t\t<\/div>\n\t\t\t\t<\/div>\n\t\t\t\t<\/div>\n\t\t\t\t<\/div>\n\t\t\t\t\t<\/div>\n\t\t\t\t<\/div>\n\t\t<div class=\"elementor-element elementor-element-3eaf091 e-flex e-con-boxed e-con e-parent\" data-id=\"3eaf091\" data-element_type=\"container\">\n\t\t\t\t\t<div class=\"e-con-inner\">\n\t\t\t\t<div class=\"elementor-element elementor-element-2f1fcfd elementor-widget elementor-widget-wdt-heading\" data-id=\"2f1fcfd\" data-element_type=\"widget\" data-settings=\"{&quot;wdt_animation_effect&quot;:&quot;none&quot;}\" data-widget_type=\"wdt-heading.default\">\n\t\t\t\t<div class=\"elementor-widget-container\">\n\t\t\t\t\t<div class=\"wdt-heading-holder \" id=\"wdt-heading-2f1fcfd\"><h2 class=\"wdt-heading-title-wrapper wdt-heading-align- wdt-heading-deco-wrapper\"><span class=\"wdt-heading-title\">Haftung f\u00fcr <span class=\"wdt-heading-colored-elements\">Links <\/span><\/span><\/h2><\/div>\t\t\t\t<\/div>\n\t\t\t\t<\/div>\n\t\t<div class=\"elementor-element elementor-element-eb9f23f e-con-full e-flex e-con e-child\" data-id=\"eb9f23f\" data-element_type=\"container\">\n\t\t<div class=\"elementor-element elementor-element-8864ce9 e-con-full e-flex e-con e-child\" data-id=\"8864ce9\" data-element_type=\"container\">\n\t\t\t\t<div class=\"elementor-element elementor-element-0bfd44d elementor-widget elementor-widget-text-editor\" data-id=\"0bfd44d\" data-element_type=\"widget\" data-settings=\"{&quot;wdt_animation_effect&quot;:&quot;none&quot;}\" data-widget_type=\"text-editor.default\">\n\t\t\t\t<div class=\"elementor-widget-container\">\n\t\t\t\t\t\t\t\t\t<p>Unser Angebot enth\u00e4lt Links zu externen Websites Dritter, auf deren Inhalte wir keinen Einfluss haben. Deshalb k\u00f6nnen wir f\u00fcr diese fremden Inhalte auch keine Gew\u00e4hr \u00fcbernehmen. F\u00fcr die Inhalte der verlinkten Seiten ist stets der jeweilige Anbieter oder Betreiber der Seiten verantwortlich. Die verlinkten Seiten wurden zum Zeitpunkt der Verlinkung auf m\u00f6gliche Rechtsverst\u00f6\u00dfe \u00fcberpr\u00fcft. Rechtswidrige Inhalte waren zum Zeitpunkt der Verlinkung nicht erkennbar.<\/p>\n<p>Eine permanente inhaltliche Kontrolle der verlinkten Seiten ist jedoch ohne konkrete Anhaltspunkte einer Rechtsverletzung nicht zumutbar. Bei Bekanntwerden von Rechtsverletzungen werden wir derartige Links umgehend entfernen.<\/p>\n\t\t\t\t\t\t\t\t<\/div>\n\t\t\t\t<\/div>\n\t\t\t\t<\/div>\n\t\t\t\t<\/div>\n\t\t\t\t\t<\/div>\n\t\t\t\t<\/div>\n\t\t<div class=\"elementor-element elementor-element-2f771d4 e-flex e-con-boxed e-con e-parent\" data-id=\"2f771d4\" data-element_type=\"container\">\n\t\t\t\t\t<div class=\"e-con-inner\">\n\t\t\t\t<div class=\"elementor-element elementor-element-f19e6de elementor-widget elementor-widget-wdt-heading\" data-id=\"f19e6de\" data-element_type=\"widget\" data-settings=\"{&quot;wdt_animation_effect&quot;:&quot;none&quot;}\" data-widget_type=\"wdt-heading.default\">\n\t\t\t\t<div class=\"elementor-widget-container\">\n\t\t\t\t\t<div class=\"wdt-heading-holder \" id=\"wdt-heading-f19e6de\"><h2 class=\"wdt-heading-title-wrapper wdt-heading-align- wdt-heading-deco-wrapper\"><span class=\"wdt-heading-title\"><span class=\"wdt-heading-colored-elements\">Urheberrecht <\/span><\/span><\/h2><\/div>\t\t\t\t<\/div>\n\t\t\t\t<\/div>\n\t\t<div class=\"elementor-element elementor-element-852c18b e-con-full e-flex e-con e-child\" data-id=\"852c18b\" data-element_type=\"container\">\n\t\t<div class=\"elementor-element elementor-element-897ed1f e-con-full e-flex e-con e-child\" data-id=\"897ed1f\" data-element_type=\"container\">\n\t\t\t\t<div class=\"elementor-element elementor-element-909a1d3 elementor-widget elementor-widget-text-editor\" data-id=\"909a1d3\" data-element_type=\"widget\" data-settings=\"{&quot;wdt_animation_effect&quot;:&quot;none&quot;}\" data-widget_type=\"text-editor.default\">\n\t\t\t\t<div class=\"elementor-widget-container\">\n\t\t\t\t\t\t\t\t\t<p>Die durch die Seitenbetreiber erstellten Inhalte und Werke auf diesen Seiten unterliegen dem deutschen Urheberrecht. Die Vervielf\u00e4ltigung, Bearbeitung, Verbreitung und jede Art der Verwertung au\u00dferhalb der Grenzen des Urheberrechtes bed\u00fcrfen der schriftlichen Zustimmung des jeweiligen Autors bzw. Erstellers. Downloads und Kopien dieser Seite sind nur f\u00fcr den privaten, nicht kommerziellen Gebrauch gestattet.<\/p>\n<p>Soweit die Inhalte auf dieser Seite nicht vom Betreiber erstellt wurden, werden die Urheberrechte Dritter beachtet. Insbesondere werden Inhalte Dritter als solche gekennzeichnet. Sollten Sie trotzdem auf eine Urheberrechtsverletzung aufmerksam werden, bitten wir um einen entsprechenden Hinweis. Bei Bekanntwerden von Rechtsverletzungen werden wir derartige Inhalte umgehend entfernen.<\/p>\n<p>Eine permanente inhaltliche Kontrolle der verlinkten Seiten ist jedoch ohne konkrete Anhaltspunkte einer Rechtsverletzung nicht zumutbar. Bei Bekanntwerden von Rechtsverletzungen werden wir derartige Links umgehend entfernen.<\/p>\n\t\t\t\t\t\t\t\t<\/div>\n\t\t\t\t<\/div>\n\t\t\t\t<\/div>\n\t\t\t\t<\/div>\n\t\t\t\t\t<\/div>\n\t\t\t\t<\/div>\n\t\t\t\t<\/div>\n\t\t","protected":false},"excerpt":{"rendered":"<p>Angaben gem\u00e4\u00df \u00a7 5 TMG CAT\u00d3DICA GMBH Hanns &#8211; Martin &#8211; Schleyer &#8211; Stra\u00dfe 37a 41199 M\u00f6nchengladbach Handelsregister: HRB 19259 Registergericht: Amtsgericht M\u00f6nchengladbach Steuernummer: 121\/5709\/5310 USt-ldNr.: DE 815 856 813 Vertreten durch: Hern\u00e2ni Esteves Diogo Brandao Miguel Costa Kontak Telefon: +49 2166 68 434 \u2013 0 E-Mail:\u00a0ola@catodica.de Haftung f\u00fcr Inhalte Als Diensteanbieter sind wir gem\u00e4\u00df [&hellip;]<\/p>\n","protected":false},"author":1,"featured_media":0,"parent":0,"menu_order":0,"comment_status":"closed","ping_status":"closed","template":"","meta":{"footnotes":""},"class_list":["post-6325","page","type-page","status-publish","hentry"],"yoast_head":"<!-- This site is optimized with the Yoast SEO plugin v25.5 - https:\/\/yoast.com\/wordpress\/plugins\/seo\/ -->\n<title>RESPONSABILITY | Cat\u00f3dica Engineering<\/title>\n<meta name=\"robots\" content=\"index, follow, max-snippet:-1, max-image-preview:large, max-video-preview:-1\" \/>\n<link rel=\"canonical\" href=\"https:\/\/www.catodica.de\/en\/wp-json\/wp\/v2\/pages\/6325\" \/>\n<meta property=\"og:locale\" content=\"en_US\" \/>\n<meta property=\"og:type\" content=\"article\" \/>\n<meta property=\"og:title\" content=\"RESPONSABILITY | Cat\u00f3dica Engineering\" \/>\n<meta property=\"og:description\" content=\"Angaben gem\u00e4\u00df \u00a7 5 TMG CAT\u00d3DICA GMBH Hanns &#8211; Martin &#8211; Schleyer &#8211; Stra\u00dfe 37a 41199 M\u00f6nchengladbach Handelsregister: HRB 19259 Registergericht: Amtsgericht M\u00f6nchengladbach Steuernummer: 121\/5709\/5310 USt-ldNr.: DE 815 856 813 Vertreten durch: Hern\u00e2ni Esteves Diogo Brandao Miguel Costa Kontak Telefon: +49 2166 68 434 \u2013 0 E-Mail:\u00a0ola@catodica.de Haftung f\u00fcr Inhalte Als Diensteanbieter sind wir gem\u00e4\u00df [&hellip;]\" \/>\n<meta property=\"og:url\" content=\"https:\/\/www.catodica.de\/en\/responsibility\/\" \/>\n<meta property=\"og:site_name\" content=\"Cat\u00f3dica Engineering\" \/>\n<meta property=\"article:publisher\" content=\"https:\/\/www.facebook.com\/catodicagmbh\" \/>\n<meta property=\"article:modified_time\" content=\"2025-11-05T10:44:45+00:00\" \/>\n<meta name=\"twitter:card\" content=\"summary_large_image\" \/>\n<meta name=\"twitter:label1\" content=\"Est. reading time\" \/>\n\t<meta name=\"twitter:data1\" content=\"2 minutes\" \/>\n<script type=\"application\/ld+json\" class=\"yoast-schema-graph\">{\"@context\":\"https:\/\/schema.org\",\"@graph\":[{\"@type\":\"WebPage\",\"@id\":\"https:\/\/www.catodica.de\/en\/responsibility\/\",\"url\":\"https:\/\/www.catodica.de\/en\/responsibility\/\",\"name\":\"RESPONSABILITY | Cat\u00f3dica Engineering\",\"isPartOf\":{\"@id\":\"https:\/\/www.catodica.de\/en\/#website\"},\"datePublished\":\"2025-04-03T15:52:07+00:00\",\"dateModified\":\"2025-11-05T10:44:45+00:00\",\"breadcrumb\":{\"@id\":\"https:\/\/www.catodica.de\/en\/responsibility\/#breadcrumb\"},\"inLanguage\":\"en-US\",\"potentialAction\":[{\"@type\":\"ReadAction\",\"target\":[\"https:\/\/www.catodica.de\/en\/responsibility\/\"]}]},{\"@type\":\"BreadcrumbList\",\"@id\":\"https:\/\/www.catodica.de\/en\/responsibility\/#breadcrumb\",\"itemListElement\":[{\"@type\":\"ListItem\",\"position\":1,\"name\":\"Home\",\"item\":\"https:\/\/www.catodica.de\/en\/\"},{\"@type\":\"ListItem\",\"position\":2,\"name\":\"RESPONSABILITY\"}]},{\"@type\":\"WebSite\",\"@id\":\"https:\/\/www.catodica.de\/en\/#website\",\"url\":\"https:\/\/www.catodica.de\/en\/\",\"name\":\"Cat\u00f3dica Engineering\",\"description\":\"\",\"publisher\":{\"@id\":\"https:\/\/www.catodica.de\/en\/#organization\"},\"potentialAction\":[{\"@type\":\"SearchAction\",\"target\":{\"@type\":\"EntryPoint\",\"urlTemplate\":\"https:\/\/www.catodica.de\/en\/?s={search_term_string}\"},\"query-input\":{\"@type\":\"PropertyValueSpecification\",\"valueRequired\":true,\"valueName\":\"search_term_string\"}}],\"inLanguage\":\"en-US\"},{\"@type\":\"Organization\",\"@id\":\"https:\/\/www.catodica.de\/en\/#organization\",\"name\":\"Cat\u00f3dica Engineering\",\"url\":\"https:\/\/www.catodica.de\/en\/\",\"logo\":{\"@type\":\"ImageObject\",\"inLanguage\":\"en-US\",\"@id\":\"https:\/\/www.catodica.de\/en\/#\/schema\/logo\/image\/\",\"url\":\"https:\/\/www.catodica.de\/wp-content\/uploads\/2023\/03\/logo-catodica-white.svg\",\"contentUrl\":\"https:\/\/www.catodica.de\/wp-content\/uploads\/2023\/03\/logo-catodica-white.svg\",\"width\":346,\"height\":96,\"caption\":\"Cat\u00f3dica Engineering\"},\"image\":{\"@id\":\"https:\/\/www.catodica.de\/en\/#\/schema\/logo\/image\/\"},\"sameAs\":[\"https:\/\/www.facebook.com\/catodicagmbh\",\"https:\/\/www.instagram.com\/catodicagmbh\/\",\"https:\/\/www.linkedin.com\/company\/catodicagmbh\/\"]}]}<\/script>\n<!-- \/ Yoast SEO plugin. -->","yoast_head_json":{"title":"RESPONSABILITY | Cat\u00f3dica Engineering","robots":{"index":"index","follow":"follow","max-snippet":"max-snippet:-1","max-image-preview":"max-image-preview:large","max-video-preview":"max-video-preview:-1"},"canonical":"https:\/\/www.catodica.de\/en\/wp-json\/wp\/v2\/pages\/6325","og_locale":"en_US","og_type":"article","og_title":"RESPONSABILITY | Cat\u00f3dica Engineering","og_description":"Angaben gem\u00e4\u00df \u00a7 5 TMG CAT\u00d3DICA GMBH Hanns &#8211; Martin &#8211; Schleyer &#8211; Stra\u00dfe 37a 41199 M\u00f6nchengladbach Handelsregister: HRB 19259 Registergericht: Amtsgericht M\u00f6nchengladbach Steuernummer: 121\/5709\/5310 USt-ldNr.: DE 815 856 813 Vertreten durch: Hern\u00e2ni Esteves Diogo Brandao Miguel Costa Kontak Telefon: +49 2166 68 434 \u2013 0 E-Mail:\u00a0ola@catodica.de Haftung f\u00fcr Inhalte Als Diensteanbieter sind wir gem\u00e4\u00df [&hellip;]","og_url":"https:\/\/www.catodica.de\/en\/responsibility\/","og_site_name":"Cat\u00f3dica Engineering","article_publisher":"https:\/\/www.facebook.com\/catodicagmbh","article_modified_time":"2025-11-05T10:44:45+00:00","twitter_card":"summary_large_image","twitter_misc":{"Est. reading time":"2 minutes"},"schema":{"@context":"https:\/\/schema.org","@graph":[{"@type":"WebPage","@id":"https:\/\/www.catodica.de\/en\/responsibility\/","url":"https:\/\/www.catodica.de\/en\/responsibility\/","name":"RESPONSABILITY | Cat\u00f3dica Engineering","isPartOf":{"@id":"https:\/\/www.catodica.de\/en\/#website"},"datePublished":"2025-04-03T15:52:07+00:00","dateModified":"2025-11-05T10:44:45+00:00","breadcrumb":{"@id":"https:\/\/www.catodica.de\/en\/responsibility\/#breadcrumb"},"inLanguage":"en-US","potentialAction":[{"@type":"ReadAction","target":["https:\/\/www.catodica.de\/en\/responsibility\/"]}]},{"@type":"BreadcrumbList","@id":"https:\/\/www.catodica.de\/en\/responsibility\/#breadcrumb","itemListElement":[{"@type":"ListItem","position":1,"name":"Home","item":"https:\/\/www.catodica.de\/en\/"},{"@type":"ListItem","position":2,"name":"RESPONSABILITY"}]},{"@type":"WebSite","@id":"https:\/\/www.catodica.de\/en\/#website","url":"https:\/\/www.catodica.de\/en\/","name":"Cat\u00f3dica Engineering","description":"","publisher":{"@id":"https:\/\/www.catodica.de\/en\/#organization"},"potentialAction":[{"@type":"SearchAction","target":{"@type":"EntryPoint","urlTemplate":"https:\/\/www.catodica.de\/en\/?s={search_term_string}"},"query-input":{"@type":"PropertyValueSpecification","valueRequired":true,"valueName":"search_term_string"}}],"inLanguage":"en-US"},{"@type":"Organization","@id":"https:\/\/www.catodica.de\/en\/#organization","name":"Cat\u00f3dica Engineering","url":"https:\/\/www.catodica.de\/en\/","logo":{"@type":"ImageObject","inLanguage":"en-US","@id":"https:\/\/www.catodica.de\/en\/#\/schema\/logo\/image\/","url":"https:\/\/www.catodica.de\/wp-content\/uploads\/2023\/03\/logo-catodica-white.svg","contentUrl":"https:\/\/www.catodica.de\/wp-content\/uploads\/2023\/03\/logo-catodica-white.svg","width":346,"height":96,"caption":"Cat\u00f3dica Engineering"},"image":{"@id":"https:\/\/www.catodica.de\/en\/#\/schema\/logo\/image\/"},"sameAs":["https:\/\/www.facebook.com\/catodicagmbh","https:\/\/www.instagram.com\/catodicagmbh\/","https:\/\/www.linkedin.com\/company\/catodicagmbh\/"]}]}},"_links":{"self":[{"href":"https:\/\/www.catodica.de\/en\/wp-json\/wp\/v2\/pages\/6325","targetHints":{"allow":["GET"]}}],"collection":[{"href":"https:\/\/www.catodica.de\/en\/wp-json\/wp\/v2\/pages"}],"about":[{"href":"https:\/\/www.catodica.de\/en\/wp-json\/wp\/v2\/types\/page"}],"author":[{"embeddable":true,"href":"https:\/\/www.catodica.de\/en\/wp-json\/wp\/v2\/users\/1"}],"replies":[{"embeddable":true,"href":"https:\/\/www.catodica.de\/en\/wp-json\/wp\/v2\/comments?post=6325"}],"version-history":[{"count":6,"href":"https:\/\/www.catodica.de\/en\/wp-json\/wp\/v2\/pages\/6325\/revisions"}],"predecessor-version":[{"id":8844,"href":"https:\/\/www.catodica.de\/en\/wp-json\/wp\/v2\/pages\/6325\/revisions\/8844"}],"wp:attachment":[{"href":"https:\/\/www.catodica.de\/en\/wp-json\/wp\/v2\/media?parent=6325"}],"curies":[{"name":"wp","href":"https:\/\/api.w.org\/{rel}","templated":true}]}}