{"id":7774,"date":"2025-07-01T14:59:16","date_gmt":"2025-07-01T14:59:16","guid":{"rendered":"https:\/\/www.catodica.de\/afiliacoes\/"},"modified":"2025-11-05T10:03:49","modified_gmt":"2025-11-05T10:03:49","slug":"afiliacoes","status":"publish","type":"page","link":"https:\/\/www.catodica.de\/pt-pt\/afiliacoes\/","title":{"rendered":"Afilia\u00e7\u00f5es"},"content":{"rendered":"\t\t<div data-elementor-type=\"wp-page\" data-elementor-id=\"7774\" class=\"elementor elementor-7774 elementor-7689\">\n\t\t\t\t\t\t<section class=\"elementor-section elementor-top-section elementor-element elementor-element-6224e7f elementor-section-content-middle wdt-no-full-section elementor-section-boxed elementor-section-height-default elementor-section-height-default\" data-id=\"6224e7f\" data-element_type=\"section\" data-settings=\"{&quot;wdt_bg_image&quot;:{&quot;url&quot;:&quot;&quot;,&quot;id&quot;:&quot;&quot;,&quot;size&quot;:&quot;&quot;},&quot;wdt_bg_image_laptop&quot;:{&quot;url&quot;:&quot;&quot;,&quot;id&quot;:&quot;&quot;,&quot;size&quot;:&quot;&quot;},&quot;wdt_bg_image_tablet_extra&quot;:{&quot;url&quot;:&quot;&quot;,&quot;id&quot;:&quot;&quot;,&quot;size&quot;:&quot;&quot;},&quot;wdt_bg_image_tablet&quot;:{&quot;url&quot;:&quot;&quot;,&quot;id&quot;:&quot;&quot;,&quot;size&quot;:&quot;&quot;},&quot;wdt_bg_image_mobile_extra&quot;:{&quot;url&quot;:&quot;&quot;,&quot;id&quot;:&quot;&quot;,&quot;size&quot;:&quot;&quot;},&quot;wdt_bg_image_mobile&quot;:{&quot;url&quot;:&quot;&quot;,&quot;id&quot;:&quot;&quot;,&quot;size&quot;:&quot;&quot;},&quot;wdt_bg_position&quot;:&quot;center center&quot;,&quot;wdt_animation_effect&quot;:&quot;none&quot;}\">\n\t\t\t\t\t\t<div class=\"elementor-container elementor-column-gap-no\">\n\t\t\t\t\t<div class=\"elementor-column elementor-col-25 elementor-top-column elementor-element elementor-element-b080499\" data-id=\"b080499\" data-element_type=\"column\">\n\t\t\t<div class=\"elementor-widget-wrap elementor-element-populated\">\n\t\t\t\t\t\t<div class=\"elementor-element elementor-element-add93cf elementor-widget elementor-widget-image\" data-id=\"add93cf\" data-element_type=\"widget\" data-settings=\"{&quot;wdt_animation_effect&quot;:&quot;none&quot;}\" data-widget_type=\"image.default\">\n\t\t\t\t<div class=\"elementor-widget-container\">\n\t\t\t\t\t\t\t\t\t\t\t\t\t\t\t<img fetchpriority=\"high\" decoding=\"async\" width=\"400\" height=\"224\" src=\"https:\/\/www.catodica.de\/wp-content\/uploads\/2025\/07\/sgk-logo-1.png\" class=\"attachment-large size-large wp-image-8535\" alt=\"\" srcset=\"https:\/\/www.catodica.de\/wp-content\/uploads\/2025\/07\/sgk-logo-1.png 400w, https:\/\/www.catodica.de\/wp-content\/uploads\/2025\/07\/sgk-logo-1-300x168.png 300w\" sizes=\"(max-width: 400px) 100vw, 400px\" \/>\t\t\t\t\t\t\t\t\t\t\t\t\t\t\t<\/div>\n\t\t\t\t<\/div>\n\t\t\t\t\t<\/div>\n\t\t<\/div>\n\t\t\t\t<div class=\"elementor-column elementor-col-25 elementor-top-column elementor-element elementor-element-21e3267\" data-id=\"21e3267\" data-element_type=\"column\">\n\t\t\t<div class=\"elementor-widget-wrap elementor-element-populated\">\n\t\t\t\t\t\t<div class=\"elementor-element elementor-element-c2683a9 elementor-widget elementor-widget-image\" data-id=\"c2683a9\" data-element_type=\"widget\" data-settings=\"{&quot;wdt_animation_effect&quot;:&quot;none&quot;}\" data-widget_type=\"image.default\">\n\t\t\t\t<div class=\"elementor-widget-container\">\n\t\t\t\t\t\t\t\t\t\t\t\t\t\t\t<img decoding=\"async\" width=\"400\" height=\"224\" src=\"https:\/\/www.catodica.de\/wp-content\/uploads\/2025\/07\/Betonerhaltung-1.png\" class=\"attachment-large size-large wp-image-8540\" alt=\"\" srcset=\"https:\/\/www.catodica.de\/wp-content\/uploads\/2025\/07\/Betonerhaltung-1.png 400w, https:\/\/www.catodica.de\/wp-content\/uploads\/2025\/07\/Betonerhaltung-1-300x168.png 300w\" sizes=\"(max-width: 400px) 100vw, 400px\" \/>\t\t\t\t\t\t\t\t\t\t\t\t\t\t\t<\/div>\n\t\t\t\t<\/div>\n\t\t\t\t\t<\/div>\n\t\t<\/div>\n\t\t\t\t<div class=\"elementor-column elementor-col-25 elementor-top-column elementor-element elementor-element-1261d5e\" data-id=\"1261d5e\" data-element_type=\"column\">\n\t\t\t<div class=\"elementor-widget-wrap elementor-element-populated\">\n\t\t\t\t\t\t<div class=\"elementor-element elementor-element-aa457cf elementor-widget elementor-widget-image\" data-id=\"aa457cf\" data-element_type=\"widget\" data-settings=\"{&quot;wdt_animation_effect&quot;:&quot;none&quot;}\" data-widget_type=\"image.default\">\n\t\t\t\t<div class=\"elementor-widget-container\">\n\t\t\t\t\t\t\t\t\t\t\t\t\t\t\t<img decoding=\"async\" width=\"400\" height=\"224\" src=\"https:\/\/www.catodica.de\/wp-content\/uploads\/2025\/07\/fkks-logo-1.png\" class=\"attachment-large size-large wp-image-8545\" alt=\"\" srcset=\"https:\/\/www.catodica.de\/wp-content\/uploads\/2025\/07\/fkks-logo-1.png 400w, https:\/\/www.catodica.de\/wp-content\/uploads\/2025\/07\/fkks-logo-1-300x168.png 300w\" sizes=\"(max-width: 400px) 100vw, 400px\" \/>\t\t\t\t\t\t\t\t\t\t\t\t\t\t\t<\/div>\n\t\t\t\t<\/div>\n\t\t\t\t\t<\/div>\n\t\t<\/div>\n\t\t\t\t<div class=\"elementor-column elementor-col-25 elementor-top-column elementor-element elementor-element-a81a122\" data-id=\"a81a122\" data-element_type=\"column\">\n\t\t\t<div class=\"elementor-widget-wrap\">\n\t\t\t\t\t\t\t<\/div>\n\t\t<\/div>\n\t\t\t\t\t<\/div>\n\t\t<\/section>\n\t\t\t\t<\/div>\n\t\t","protected":false},"excerpt":{"rendered":"","protected":false},"author":1,"featured_media":0,"parent":0,"menu_order":0,"comment_status":"closed","ping_status":"closed","template":"elementor_header_footer","meta":{"footnotes":""},"class_list":["post-7774","page","type-page","status-publish","hentry"],"yoast_head":"<!-- This site is optimized with the Yoast SEO plugin v25.5 - https:\/\/yoast.com\/wordpress\/plugins\/seo\/ -->\n<title>Afilia\u00e7\u00f5es | Cat\u00f3dica Engineering<\/title>\n<meta name=\"description\" content=\"Afilia\u00e7\u00f5es da cat\u00f3dica: SGK, Betonerhaltung Nord E.V, fkks.\" \/>\n<meta name=\"robots\" content=\"index, follow, max-snippet:-1, max-image-preview:large, max-video-preview:-1\" \/>\n<link rel=\"canonical\" href=\"https:\/\/www.catodica.de\/pt-pt\/wp-json\/wp\/v2\/pages\/7774\" \/>\n<meta property=\"og:locale\" content=\"pt_PT\" \/>\n<meta property=\"og:type\" content=\"article\" \/>\n<meta property=\"og:title\" content=\"Afilia\u00e7\u00f5es | Cat\u00f3dica Engineering\" \/>\n<meta property=\"og:description\" content=\"Afilia\u00e7\u00f5es da cat\u00f3dica: SGK, Betonerhaltung Nord E.V, fkks.\" \/>\n<meta property=\"og:url\" content=\"https:\/\/www.catodica.de\/pt-pt\/afiliacoes\/\" \/>\n<meta property=\"og:site_name\" content=\"Cat\u00f3dica Engineering\" \/>\n<meta property=\"article:publisher\" content=\"https:\/\/www.facebook.com\/catodicagmbh\" \/>\n<meta property=\"article:modified_time\" content=\"2025-11-05T10:03:49+00:00\" \/>\n<meta property=\"og:image\" content=\"https:\/\/www.catodica.de\/wp-content\/uploads\/2025\/07\/sgk-logo-1.png\" \/>\n<meta name=\"twitter:card\" content=\"summary_large_image\" \/>\n<meta name=\"twitter:label1\" content=\"Est. reading time\" \/>\n\t<meta name=\"twitter:data1\" content=\"1 minuto\" \/>\n<script type=\"application\/ld+json\" class=\"yoast-schema-graph\">{\"@context\":\"https:\/\/schema.org\",\"@graph\":[{\"@type\":\"WebPage\",\"@id\":\"https:\/\/www.catodica.de\/pt-pt\/afiliacoes\/\",\"url\":\"https:\/\/www.catodica.de\/pt-pt\/afiliacoes\/\",\"name\":\"Afilia\u00e7\u00f5es | Cat\u00f3dica Engineering\",\"isPartOf\":{\"@id\":\"https:\/\/www.catodica.de\/pt-pt\/#website\"},\"primaryImageOfPage\":{\"@id\":\"https:\/\/www.catodica.de\/pt-pt\/afiliacoes\/#primaryimage\"},\"image\":{\"@id\":\"https:\/\/www.catodica.de\/pt-pt\/afiliacoes\/#primaryimage\"},\"thumbnailUrl\":\"https:\/\/www.catodica.de\/wp-content\/uploads\/2025\/07\/sgk-logo-1.png\",\"datePublished\":\"2025-07-01T14:59:16+00:00\",\"dateModified\":\"2025-11-05T10:03:49+00:00\",\"description\":\"Afilia\u00e7\u00f5es da cat\u00f3dica: SGK, Betonerhaltung Nord E.V, fkks.\",\"breadcrumb\":{\"@id\":\"https:\/\/www.catodica.de\/pt-pt\/afiliacoes\/#breadcrumb\"},\"inLanguage\":\"pt-PT\",\"potentialAction\":[{\"@type\":\"ReadAction\",\"target\":[\"https:\/\/www.catodica.de\/pt-pt\/afiliacoes\/\"]}]},{\"@type\":\"ImageObject\",\"inLanguage\":\"pt-PT\",\"@id\":\"https:\/\/www.catodica.de\/pt-pt\/afiliacoes\/#primaryimage\",\"url\":\"https:\/\/www.catodica.de\/wp-content\/uploads\/2025\/07\/sgk-logo-1.png\",\"contentUrl\":\"https:\/\/www.catodica.de\/wp-content\/uploads\/2025\/07\/sgk-logo-1.png\"},{\"@type\":\"BreadcrumbList\",\"@id\":\"https:\/\/www.catodica.de\/pt-pt\/afiliacoes\/#breadcrumb\",\"itemListElement\":[{\"@type\":\"ListItem\",\"position\":1,\"name\":\"Home\",\"item\":\"https:\/\/www.catodica.de\/pt-pt\/\"},{\"@type\":\"ListItem\",\"position\":2,\"name\":\"Afilia\u00e7\u00f5es\"}]},{\"@type\":\"WebSite\",\"@id\":\"https:\/\/www.catodica.de\/pt-pt\/#website\",\"url\":\"https:\/\/www.catodica.de\/pt-pt\/\",\"name\":\"Cat\u00f3dica Engineering\",\"description\":\"\",\"publisher\":{\"@id\":\"https:\/\/www.catodica.de\/pt-pt\/#organization\"},\"potentialAction\":[{\"@type\":\"SearchAction\",\"target\":{\"@type\":\"EntryPoint\",\"urlTemplate\":\"https:\/\/www.catodica.de\/pt-pt\/?s={search_term_string}\"},\"query-input\":{\"@type\":\"PropertyValueSpecification\",\"valueRequired\":true,\"valueName\":\"search_term_string\"}}],\"inLanguage\":\"pt-PT\"},{\"@type\":\"Organization\",\"@id\":\"https:\/\/www.catodica.de\/pt-pt\/#organization\",\"name\":\"Cat\u00f3dica Engineering\",\"url\":\"https:\/\/www.catodica.de\/pt-pt\/\",\"logo\":{\"@type\":\"ImageObject\",\"inLanguage\":\"pt-PT\",\"@id\":\"https:\/\/www.catodica.de\/pt-pt\/#\/schema\/logo\/image\/\",\"url\":\"https:\/\/www.catodica.de\/wp-content\/uploads\/2023\/03\/logo-catodica-white.svg\",\"contentUrl\":\"https:\/\/www.catodica.de\/wp-content\/uploads\/2023\/03\/logo-catodica-white.svg\",\"width\":346,\"height\":96,\"caption\":\"Cat\u00f3dica Engineering\"},\"image\":{\"@id\":\"https:\/\/www.catodica.de\/pt-pt\/#\/schema\/logo\/image\/\"},\"sameAs\":[\"https:\/\/www.facebook.com\/catodicagmbh\",\"https:\/\/www.instagram.com\/catodicagmbh\/\",\"https:\/\/www.linkedin.com\/company\/catodicagmbh\/\"]}]}<\/script>\n<!-- \/ Yoast SEO plugin. -->","yoast_head_json":{"title":"Afilia\u00e7\u00f5es | Cat\u00f3dica Engineering","description":"Afilia\u00e7\u00f5es da cat\u00f3dica: SGK, Betonerhaltung Nord E.V, fkks.","robots":{"index":"index","follow":"follow","max-snippet":"max-snippet:-1","max-image-preview":"max-image-preview:large","max-video-preview":"max-video-preview:-1"},"canonical":"https:\/\/www.catodica.de\/pt-pt\/wp-json\/wp\/v2\/pages\/7774","og_locale":"pt_PT","og_type":"article","og_title":"Afilia\u00e7\u00f5es | Cat\u00f3dica Engineering","og_description":"Afilia\u00e7\u00f5es da cat\u00f3dica: SGK, Betonerhaltung Nord E.V, fkks.","og_url":"https:\/\/www.catodica.de\/pt-pt\/afiliacoes\/","og_site_name":"Cat\u00f3dica Engineering","article_publisher":"https:\/\/www.facebook.com\/catodicagmbh","article_modified_time":"2025-11-05T10:03:49+00:00","og_image":[{"url":"https:\/\/www.catodica.de\/wp-content\/uploads\/2025\/07\/sgk-logo-1.png","type":"","width":"","height":""}],"twitter_card":"summary_large_image","twitter_misc":{"Est. reading time":"1 minuto"},"schema":{"@context":"https:\/\/schema.org","@graph":[{"@type":"WebPage","@id":"https:\/\/www.catodica.de\/pt-pt\/afiliacoes\/","url":"https:\/\/www.catodica.de\/pt-pt\/afiliacoes\/","name":"Afilia\u00e7\u00f5es | Cat\u00f3dica Engineering","isPartOf":{"@id":"https:\/\/www.catodica.de\/pt-pt\/#website"},"primaryImageOfPage":{"@id":"https:\/\/www.catodica.de\/pt-pt\/afiliacoes\/#primaryimage"},"image":{"@id":"https:\/\/www.catodica.de\/pt-pt\/afiliacoes\/#primaryimage"},"thumbnailUrl":"https:\/\/www.catodica.de\/wp-content\/uploads\/2025\/07\/sgk-logo-1.png","datePublished":"2025-07-01T14:59:16+00:00","dateModified":"2025-11-05T10:03:49+00:00","description":"Afilia\u00e7\u00f5es da cat\u00f3dica: SGK, Betonerhaltung Nord E.V, fkks.","breadcrumb":{"@id":"https:\/\/www.catodica.de\/pt-pt\/afiliacoes\/#breadcrumb"},"inLanguage":"pt-PT","potentialAction":[{"@type":"ReadAction","target":["https:\/\/www.catodica.de\/pt-pt\/afiliacoes\/"]}]},{"@type":"ImageObject","inLanguage":"pt-PT","@id":"https:\/\/www.catodica.de\/pt-pt\/afiliacoes\/#primaryimage","url":"https:\/\/www.catodica.de\/wp-content\/uploads\/2025\/07\/sgk-logo-1.png","contentUrl":"https:\/\/www.catodica.de\/wp-content\/uploads\/2025\/07\/sgk-logo-1.png"},{"@type":"BreadcrumbList","@id":"https:\/\/www.catodica.de\/pt-pt\/afiliacoes\/#breadcrumb","itemListElement":[{"@type":"ListItem","position":1,"name":"Home","item":"https:\/\/www.catodica.de\/pt-pt\/"},{"@type":"ListItem","position":2,"name":"Afilia\u00e7\u00f5es"}]},{"@type":"WebSite","@id":"https:\/\/www.catodica.de\/pt-pt\/#website","url":"https:\/\/www.catodica.de\/pt-pt\/","name":"Cat\u00f3dica Engineering","description":"","publisher":{"@id":"https:\/\/www.catodica.de\/pt-pt\/#organization"},"potentialAction":[{"@type":"SearchAction","target":{"@type":"EntryPoint","urlTemplate":"https:\/\/www.catodica.de\/pt-pt\/?s={search_term_string}"},"query-input":{"@type":"PropertyValueSpecification","valueRequired":true,"valueName":"search_term_string"}}],"inLanguage":"pt-PT"},{"@type":"Organization","@id":"https:\/\/www.catodica.de\/pt-pt\/#organization","name":"Cat\u00f3dica Engineering","url":"https:\/\/www.catodica.de\/pt-pt\/","logo":{"@type":"ImageObject","inLanguage":"pt-PT","@id":"https:\/\/www.catodica.de\/pt-pt\/#\/schema\/logo\/image\/","url":"https:\/\/www.catodica.de\/wp-content\/uploads\/2023\/03\/logo-catodica-white.svg","contentUrl":"https:\/\/www.catodica.de\/wp-content\/uploads\/2023\/03\/logo-catodica-white.svg","width":346,"height":96,"caption":"Cat\u00f3dica Engineering"},"image":{"@id":"https:\/\/www.catodica.de\/pt-pt\/#\/schema\/logo\/image\/"},"sameAs":["https:\/\/www.facebook.com\/catodicagmbh","https:\/\/www.instagram.com\/catodicagmbh\/","https:\/\/www.linkedin.com\/company\/catodicagmbh\/"]}]}},"_links":{"self":[{"href":"https:\/\/www.catodica.de\/pt-pt\/wp-json\/wp\/v2\/pages\/7774","targetHints":{"allow":["GET"]}}],"collection":[{"href":"https:\/\/www.catodica.de\/pt-pt\/wp-json\/wp\/v2\/pages"}],"about":[{"href":"https:\/\/www.catodica.de\/pt-pt\/wp-json\/wp\/v2\/types\/page"}],"author":[{"embeddable":true,"href":"https:\/\/www.catodica.de\/pt-pt\/wp-json\/wp\/v2\/users\/1"}],"replies":[{"embeddable":true,"href":"https:\/\/www.catodica.de\/pt-pt\/wp-json\/wp\/v2\/comments?post=7774"}],"version-history":[{"count":8,"href":"https:\/\/www.catodica.de\/pt-pt\/wp-json\/wp\/v2\/pages\/7774\/revisions"}],"predecessor-version":[{"id":8802,"href":"https:\/\/www.catodica.de\/pt-pt\/wp-json\/wp\/v2\/pages\/7774\/revisions\/8802"}],"wp:attachment":[{"href":"https:\/\/www.catodica.de\/pt-pt\/wp-json\/wp\/v2\/media?parent=7774"}],"curies":[{"name":"wp","href":"https:\/\/api.w.org\/{rel}","templated":true}]}}